{"id":1010,"date":"2021-03-18T05:20:12","date_gmt":"2021-03-18T05:20:12","guid":{"rendered":"http:\/\/interenef.com\/program\/"},"modified":"2023-09-21T09:43:54","modified_gmt":"2023-09-21T09:43:54","slug":"program","status":"publish","type":"page","link":"https:\/\/interenef.com\/en\/program\/","title":{"rendered":"Program"},"content":{"rendered":"<div data-elementor-type=\"wp-page\" data-elementor-id=\"1010\" class=\"elementor elementor-1010\" data-elementor-post-type=\"page\">\n\t\t\t\t\t\t<section class=\"elementor-section elementor-top-section elementor-element elementor-element-b3972c8 elementor-section-boxed elementor-section-height-default elementor-section-height-default\" data-id=\"b3972c8\" data-element_type=\"section\" data-e-type=\"section\" data-settings=\"{&quot;background_background&quot;:&quot;classic&quot;}\">\n\t\t\t\t\t\t<div class=\"elementor-container elementor-column-gap-default\">\n\t\t\t\t\t<div class=\"elementor-column elementor-col-100 elementor-top-column elementor-element elementor-element-b19866e\" data-id=\"b19866e\" data-element_type=\"column\" data-e-type=\"column\">\n\t\t\t<div class=\"elementor-widget-wrap elementor-element-populated\">\n\t\t\t\t\t\t<div class=\"elementor-element elementor-element-582faf8 elementor-widget elementor-widget-heading\" data-id=\"582faf8\" data-element_type=\"widget\" data-e-type=\"widget\" data-widget_type=\"heading.default\">\n\t\t\t\t<div class=\"elementor-widget-container\">\n\t\t\t\t\t<h2 class=\"elementor-heading-title elementor-size-default\">Program<\/h2>\t\t\t\t<\/div>\n\t\t\t\t<\/div>\n\t\t\t\t<div class=\"elementor-element elementor-element-e4a623c elementor-widget elementor-widget-text-editor\" data-id=\"e4a623c\" data-element_type=\"widget\" data-e-type=\"widget\" data-widget_type=\"text-editor.default\">\n\t\t\t\t<div class=\"elementor-widget-container\">\n\t\t\t\t\t\t\t\t\t<p style=\"text-align: center;\"><strong>VII INTERENEF<\/strong><\/p><p style=\"text-align: center;\">SOLAR ENERGY FORUM<\/p><p style=\"text-align: center;\">22 September 2023<\/p><p style=\"text-align: center;\">Split, Croatia<\/p><p style=\"text-align: center;\">Hotel Cornaro<\/p><h6>\u00a0<\/h6><h6>\u00a0<\/h6><h6 style=\"text-align: center;\"><strong>Solar Energy in Energy Policies of the European Union and Southeast Europe<\/strong><\/h6><h6 style=\"text-align: center;\"><strong>\u00a0<\/strong><\/h6><h6 style=\"text-align: center;\"><strong>\u00a0<\/strong><\/h6><h6 style=\"text-align: center;\"><strong>\u00a0<\/strong><\/h6><h6 style=\"text-align: center;\"><strong>\u00a0<\/strong><\/h6><h6 style=\"text-align: center;\"><strong>\u00a0<\/strong><\/h6><h6 style=\"text-align: center;\"><strong>\u00a0<\/strong><\/h6><h6 style=\"text-align: center;\"><strong>\u00a0<\/strong><\/h6><p><strong>09.30-10.00<\/strong> Protocol addresses<\/p><p>Prof. Ph.D.Sc. An\u0111elko Milardovi\u0107, founder of INTERENEF, Split-Zagreb<\/p><p>Antonio Kuzmani\u0107, City of Split, Deputy Mayor<\/p><p>Mario Jakic d.i.e Ravnatelj Dalmatinska energetska agencija \/ DEA\/, SDZ<\/p><p>Prof.dr.sc Marko Jeli\u0107, Prefect of \u0160ibenik- Knin county<\/p><p><strong>Moderator of the forum:<\/strong> Ana Jerkovi\u0107, Pugwash Society Croatia<\/p><p><strong>Moderator of the panel:<\/strong> Prof. dr.sc. Daria Karasalihovi\u0107 \u2013 Sedlar, RNG, University of Zagreb<\/p><p><em>10.00-10.20: Plenary lecture:<\/em> Solar energy in the energy policy of the European Union and Southeast Europe,<\/p><p>Prof. Ph.D. Romana Jerkovi\u0107, European Parliament, Member of Parliament, Brussels, Belgium<\/p><p><strong>10.30-11.15<\/strong>: Panel I: Solar technology: Theory, business examples and good practices<\/p><p><strong>Moderator:<\/strong> Prof. Ph.D. Daria Karasalihovi\u0107 \u2013 Sedlar, Faculty of Mining, Geology and Petroleum, University of Zagreb<\/p><p><strong>Introductory lecture<\/strong><\/p><p>Denis \u010camber, Business Development Manager, KON\u010cAR \u2013 ENGINEERING<\/p><p><strong>Panelists:<\/strong><\/p><p>Matija Sinkovi\u0107, key account manager, E.ON Energy Infrastructure Solutions d.o.o.<\/p><p>Zdravko Krmek, director of Sunseco d.o.o., Sisak<\/p><p><span style=\"font-style: inherit; font-weight: inherit; background-color: var( --e-global-color-5eac920 ); color: var( --e-global-color-text );\">Vjeran Pir\u0161i\u0107, president of the association Eko Kvarner, Krk<\/span><\/p><p>Ognjen Markovi\u0107, energy expert and member of the ReSET Center for Sustainable Energy Transition, Sarajevo, BiH<\/p><p>Aljo\u0161a Plei\u0107, Direktor, Acciona energia, Split<\/p><p>Denis \u010camber, Business Development Manager, KON\u010cAR \u2013 ENGINEERING<\/p><p><strong>11.30-12.15<\/strong>: Panel II: Regulatory aspect: Legal obstacles in implementation and how to remove them<\/p><p><strong>Moderator:<\/strong> Prof. Ph.D. Daria Karasalihovi\u0107 \u2013 Sedlar, Faculty of Mining, Geology and Petroleum, University of Zagreb<\/p><p><strong>Panelists:<\/strong><\/p><p>Associate Professor, Ph.D. Mi\u0161o Mudri\u0107, Faculty of Law, University of Zagreb<\/p><p>Jan Kr\u010dm\u00e1\u0159, Director of the Czech Solar Association and renewable energy consultant, Prague, Czech Republic<\/p><p>Mario Krka, Divjak, Topic, Bahtijarevic &amp; Krka OD d.o.o., Zagreb<\/p><p>Sonja Risteska, Green Enesys Group GmbH, Berlin, Federal Republic of Germany<\/p><p>Prof. Marko Ivko\u0161i\u0107, PhD, Vice Dean for Science at the Faculty of Law, University of Split<\/p><p>Leila\u00a0 Salijevi\u0107, Law firm Ibrahimovic &amp; Co,Sarajevo, BH<\/p><p><strong>12.15-12.45<\/strong> Coffee break<\/p><p><strong>12.45-13.30<\/strong>: Panel III: Economic benefits and challenges: The best use of solar energy?<\/p><p><strong>Moderator:<\/strong> Prof. Ph.D. Daria Karasalihovi\u0107 Sedlar, Faculty of Mining, Geology and Petroleum, University of Zagreb<\/p><p><strong>Panelists:<\/strong><\/p><p>Mirko Budi\u0161a, Deputy Director of the Fund for Environmental Protection and Energy Efficiency, Zagreb, Republic of Croatia<\/p><p>Leon Stille, New Energy Institute, Sweden<\/p><p>Joris Heijdt, Projectleider Hernieuwbare Energie en Projecten Afdeling Verhuur, Netherlands<\/p><p><em>IMPORTANT NOTE: The program is subject to changes and amendments until the very beginning of VII. INTERENEF.<\/em><\/p>\t\t\t\t\t\t\t\t<\/div>\n\t\t\t\t<\/div>\n\t\t\t\t\t<\/div>\n\t\t<\/div>\n\t\t\t\t\t<\/div>\n\t\t<\/section>\n\t\t\t\t<\/div>","protected":false},"excerpt":{"rendered":"<p>Program VII INTERENEF SOLAR ENERGY FORUM 22 September 2023 Split, Croatia Hotel Cornaro \u00a0 \u00a0 Solar Energy in Energy Policies of the European Union and Southeast Europe \u00a0 \u00a0 \u00a0 \u00a0 \u00a0 \u00a0 \u00a0 09.30-10.00 Protocol addresses Prof. Ph.D.Sc. An\u0111elko Milardovi\u0107, founder of INTERENEF, Split-Zagreb Antonio Kuzmani\u0107, City of Split, Deputy Mayor Mario Jakic d.i.e [&hellip;]<\/p>\n","protected":false},"author":1,"featured_media":0,"parent":0,"menu_order":0,"comment_status":"closed","ping_status":"closed","template":"elementor_header_footer","meta":{"inline_featured_image":false,"site-sidebar-layout":"no-sidebar","site-content-layout":"page-builder","ast-site-content-layout":"default","site-content-style":"default","site-sidebar-style":"default","ast-global-header-display":"","ast-banner-title-visibility":"","ast-main-header-display":"","ast-hfb-above-header-display":"","ast-hfb-below-header-display":"","ast-hfb-mobile-header-display":"","site-post-title":"disabled","ast-breadcrumbs-content":"","ast-featured-img":"disabled","footer-sml-layout":"","ast-disable-related-posts":"","theme-transparent-header-meta":"default","adv-header-id-meta":"","stick-header-meta":"default","header-above-stick-meta":"","header-main-stick-meta":"","header-below-stick-meta":"","astra-migrate-meta-layouts":"default","ast-page-background-enabled":"default","ast-page-background-meta":{"desktop":{"background-color":"","background-image":"","background-repeat":"repeat","background-position":"center center","background-size":"auto","background-attachment":"scroll","background-type":"","background-media":"","overlay-type":"","overlay-color":"","overlay-opacity":"","overlay-gradient":""},"tablet":{"background-color":"","background-image":"","background-repeat":"repeat","background-position":"center center","background-size":"auto","background-attachment":"scroll","background-type":"","background-media":"","overlay-type":"","overlay-color":"","overlay-opacity":"","overlay-gradient":""},"mobile":{"background-color":"","background-image":"","background-repeat":"repeat","background-position":"center center","background-size":"auto","background-attachment":"scroll","background-type":"","background-media":"","overlay-type":"","overlay-color":"","overlay-opacity":"","overlay-gradient":""}},"ast-content-background-meta":{"desktop":{"background-color":"var(--ast-global-color-5)","background-image":"","background-repeat":"repeat","background-position":"center center","background-size":"auto","background-attachment":"scroll","background-type":"","background-media":"","overlay-type":"","overlay-color":"","overlay-opacity":"","overlay-gradient":""},"tablet":{"background-color":"var(--ast-global-color-5)","background-image":"","background-repeat":"repeat","background-position":"center center","background-size":"auto","background-attachment":"scroll","background-type":"","background-media":"","overlay-type":"","overlay-color":"","overlay-opacity":"","overlay-gradient":""},"mobile":{"background-color":"var(--ast-global-color-5)","background-image":"","background-repeat":"repeat","background-position":"center center","background-size":"auto","background-attachment":"scroll","background-type":"","background-media":"","overlay-type":"","overlay-color":"","overlay-opacity":"","overlay-gradient":""}},"footnotes":""},"class_list":["post-1010","page","type-page","status-publish","hentry"],"_links":{"self":[{"href":"https:\/\/interenef.com\/en\/wp-json\/wp\/v2\/pages\/1010","targetHints":{"allow":["GET"]}}],"collection":[{"href":"https:\/\/interenef.com\/en\/wp-json\/wp\/v2\/pages"}],"about":[{"href":"https:\/\/interenef.com\/en\/wp-json\/wp\/v2\/types\/page"}],"author":[{"embeddable":true,"href":"https:\/\/interenef.com\/en\/wp-json\/wp\/v2\/users\/1"}],"replies":[{"embeddable":true,"href":"https:\/\/interenef.com\/en\/wp-json\/wp\/v2\/comments?post=1010"}],"version-history":[{"count":76,"href":"https:\/\/interenef.com\/en\/wp-json\/wp\/v2\/pages\/1010\/revisions"}],"predecessor-version":[{"id":3100,"href":"https:\/\/interenef.com\/en\/wp-json\/wp\/v2\/pages\/1010\/revisions\/3100"}],"wp:attachment":[{"href":"https:\/\/interenef.com\/en\/wp-json\/wp\/v2\/media?parent=1010"}],"curies":[{"name":"wp","href":"https:\/\/api.w.org\/{rel}","templated":true}]}}