{"id":2535,"date":"2022-10-17T06:44:23","date_gmt":"2022-10-17T06:44:23","guid":{"rendered":"https:\/\/interenef.com\/?page_id=2535"},"modified":"2025-10-17T09:49:29","modified_gmt":"2025-10-17T09:49:29","slug":"u-medijima","status":"publish","type":"page","link":"https:\/\/interenef.com\/en\/u-medijima\/","title":{"rendered":"Media coverage"},"content":{"rendered":"<p><strong>Milardovi\u0107: Hrvatska mora birati \u2013 pametna ili partijska dr\u017eava<\/strong><br \/>\n<em>HTV4 ,16.listopada 2025.<\/em><br \/>\n<a href=\"https:\/\/vijesti.hrt.hr\/hrvatska\/milardovic-hrvatska-mora-birati-pametna-drzava-ili-partijska-drzava-12382628\" target=\"_blank\" rel=\"noopener\">https:\/\/vijesti.hrt.hr\/hrvatska\/milardovic-hrvatska-mora-birati-pametna-drzava-ili-partijska-drzava-12382628<\/a><\/p>\n<p><strong>9.Interenef<\/strong><br \/>\n<em>HINA,14.listopada,2025.<\/em><br \/>\n<a href=\"https:\/\/www.hina.hr\/video\/12078323\" target=\"_blank\" rel=\"noopener\">https:\/\/www.hina.hr\/video\/12078323<\/a><\/p>\n<p><strong>Interenef: Hrvatska mora iskoristi sav energetski potencijal<\/strong><br \/>\n<em>Forbes.hr ,14.listopada2025.<\/em><br \/>\n<a href=\"https:\/\/forbes.dnevnik.hr\/aktualno\/interenef-hrvatska-mora-iskoristi-sav-energetski-potencijal\/\" target=\"_blank\" rel=\"noopener\">https:\/\/forbes.dnevnik.hr\/aktualno\/interenef-hrvatska-mora-iskoristi-sav-energetski-potencijal\/<\/a><\/p>\n<p><strong>Ahmet T\u00fcrko\u011flu<\/strong><br \/>\n<strong>\u0160ef Turkish Petroleuma za N1: Turska mo\u017ee pomo\u0107i Hrvatskoj u opskrbi<\/strong><br \/>\n<strong>naftom i plinom drugih zemalja<\/strong><br \/>\n<em>N1 televizija,14.listopada 2025.<\/em><\/p>\n<p><a href=\"https:\/\/n1info.hr\/vijesti\/sef-turkish-petroleuma-za-n1-turska-moze-pomoci-hrvatskoj-u-kupnji-i-transportu-nafte-i-plina-drugim-zemljama\/\" target=\"_blank\" rel=\"noopener\">https:\/\/n1info.hr\/vijesti\/sef-turkish-petroleuma-za-n1-turska-moze-pomoci-hrvatskoj-u-kupnji-i-transportu-nafte-i-plina-drugim-zemljama\/<\/a><\/p>\n<p><strong>Interenef: Hrvatska mora iskoristi sav energetski potencijal<\/strong><br \/>\n<em>Financije hr. ,14.listopada 2025.<\/em><br \/>\n<a href=\"https:\/\/financije.hr\/interenef-hrvatska-mora-iskoristi-sav-energetski-potencijal\/\" target=\"_blank\" rel=\"noopener\">https:\/\/financije.hr\/interenef-hrvatska-mora-iskoristi-sav-energetski-potencijal\/<\/a><\/p>\n<p><strong>INTERENEF 2025: Hrvatska u sredi\u0161tu europske energetske tranzicije<\/strong><br \/>\n<em>Energetika-net.com,15.listopada 2025.<\/em><br \/>\n<a href=\"https:\/\/www.energetika-net.com\/energetsko-gospodarstvo\/interenef-2025-hrvatska-u-sredistu-europske-energetske-tranzicije\" target=\"_blank\" rel=\"noopener\">https:\/\/www.energetika-net.com\/energetsko-gospodarstvo\/interenef-2025-hrvatska-u-sredistu-europske-energetske-tranzicije<\/a><\/p>\n<p><strong>Poznati sociolog napisao leksikon uz pomo\u0107 umjetne inteligencije, i potpisao<\/strong><br \/>\n<strong>je. Da nisam, bilo bi to kazneno djelo<\/strong><br \/>\n<em>Slobodna Dalmacija ,15.listopada 2025.<\/em><br \/>\n<a href=\"https:\/\/slobodnadalmacija.hr\/vijesti\/hrvatska\/poznati-sociolog-napisao-leksikon-uz-pomoc-umjetne-inteligencije-i-potpisao-je-da-nisam-bilo-bi-to-kazneno-djelo-1510281\" target=\"_blank\" rel=\"noopener\">https:\/\/slobodnadalmacija.hr\/vijesti\/hrvatska\/poznati-sociolog-napisao-leksikon-uz-pomoc-umjetne-inteligencije-i-potpisao-je-da-nisam-bilo-bi-to-kazneno-djelo-1510281<\/a><\/p>\n<p><strong>U Zagrebu je odr\u017ean 9. Me\u0111unarodni energetski forum INTERENEF 2025.<\/strong><br \/>\n<strong>pod temom \u201eNovi energetski poredak: izazovi i mogu\u0107nosti\u201c, u organizaciji<\/strong><br \/>\n<strong>Instituta za europske i globalizacijske studije i Atlantskog vije\u0107a Hrvatske<\/strong><br \/>\n<em>Energetika Marketing,15.listopada 2025.<\/em><br \/>\n<a href=\"https:\/\/www.linkedin.com\/company\/energetika-marketing\/posts\/?feedView=all\" target=\"_blank\" rel=\"noopener\">https:\/\/www.linkedin.com\/company\/energetika-marketing\/posts\/?feedView=all<\/a><\/p>\n<p><strong>Marijan Krpan: Panonski bazen ima veliki geotermalni kapacitet<\/strong><br \/>\n<em>Glas Slavonije,15.listopada 2025.<\/em><br \/>\n<a href=\"https:\/\/glas-slavonije.hr\/novosti\/hrvatska\/2025\/10\/15\/marijan-krpan-panonski-bazen-ima-veliki-geotermalni-kapacitet-724020\/\" target=\"_blank\" rel=\"noopener\">https:\/\/glas-slavonije.hr\/novosti\/hrvatska\/2025\/10\/15\/marijan-krpan-panonski-bazen-ima-veliki-geotermalni-kapacitet-724020\/<\/a><\/p>\n<p><strong>Interenef: Hrvatska na raskri\u017eju energetskih tokova \u017eeli iskoristiti panonske geoterme<\/strong><br \/>\n<em>Crolens,15.listopada 2025.<\/em><br \/>\n<a href=\"https:\/\/www.crolens.hr\/c\/interenef-hrvatska-na-raskrizju-energetskih-tokova-zeli-iskoristiti-panonske-geoterme\" target=\"_blank\" rel=\"noopener\">https:\/\/www.crolens.hr\/c\/interenef-hrvatska-na-raskrizju-energetskih-tokova-zeli-iskoristiti-panonske-geoterme<\/a><\/p>\n<p><strong>Sudjelovanje na 9. INTERENEF forumu<\/strong><br \/>\n<em>AZU ,15.listopada 2025.<\/em><br \/>\n<a href=\"https:\/\/www.azu.hr\/hr-hr\/novosti\/sudjelovanje-na-9-interenef-forumu\/\" target=\"_blank\" rel=\"noopener\">https:\/\/www.azu.hr\/hr-hr\/novosti\/sudjelovanje-na-9-interenef-forumu\/<\/a><\/p>\n<p><strong>Croatia Continues to Boast Impressive Geothermal Potential<\/strong><br \/>\n<em>Total Croatia , 16. listopada 2025.<\/em><br \/>\n<a href=\"https:\/\/total-croatia-news.com\/news\/croatia-geothermal-potential\/\" target=\"_blank\" rel=\"noopener\">https:\/\/total-croatia-news.com\/news\/croatia-geothermal-potential\/<\/a><\/p>\n<p><strong>Me\u0111unarodni energetski forum \u2013 Interenef<\/strong><br \/>\n<em>Hrvatski radio,10.listopada 2025.<\/em><br \/>\n<a href=\"https:\/\/radio.hrt.hr\/prvi-program\/vijesti\/medunarodni-energetski-forum-interenef-12374614\" target=\"_blank\" rel=\"noopener\">https:\/\/radio.hrt.hr\/prvi-program\/vijesti\/medunarodni-energetski-forum-interenef-12374614<\/a><\/p>\n<p>An\u0111elko Milardovi\u0107<br \/>\n<strong>MOL \u017eeli u vlasni\u010dku strukturu JANAF-a? Ni u ludilu to ne smijemo<\/strong><br \/>\n<strong>napraviti!<\/strong><br \/>\n<em>N1 televizija ,9.listopada 2025.<\/em><br \/>\n<a href=\"https:\/\/n1info.hr\/video\/novi-dan\/mol-zeli-u-vlasnicku-strukturu-janaf-a-ni-u-ludilu-to-ne-smijemo-napraviti\/\" target=\"_blank\" rel=\"noopener\">https:\/\/n1info.hr\/video\/novi-dan\/mol-zeli-u-vlasnicku-strukturu-janaf-a-ni-u-ludilu-to-ne-smijemo-napraviti\/<\/a><\/p>\n<p><strong>Deveti INTERNEF<\/strong><br \/>\n<em>Portal HkV,6.listopada 2025.<\/em><br \/>\n<a href=\"https:\/\/www.hkv.hr\/vijesti\/hrvatska\/46349-9-interenef-novi-energetski-poredak.html\" target=\"_blank\" rel=\"noopener\">https:\/\/www.hkv.hr\/vijesti\/hrvatska\/46349-9-interenef-novi-energetski-poredak.html<\/a><\/p>\n<p><strong>Energetski forum: Hrvatska ima more, plin i geopoliti\u010dku \u0161ansu. Mo\u017ee li<\/strong><br \/>\n<strong>postati veliki energetski igra\u010d Europske unije?<\/strong><br \/>\n<em>Teleskop,12.listopada 2025.<\/em><br \/>\n<a href=\"https:\/\/teleskop.hr\/hrvatska\/energetski-forum-hrvatska-ima-more-plin-i-geopoliticku-sansu-moze-li-postati-veliki-energetski-igrac-europske-unije\/\" target=\"_blank\" rel=\"noopener\">https:\/\/teleskop.hr\/hrvatska\/energetski-forum-hrvatska-ima-more-plin-i-geopoliticku-sansu-moze-li-postati-veliki-energetski-igrac-europske-unije\/<\/a><\/p>\n<p><strong>Dolazi novi energetski poredak!<\/strong><br \/>\n<em>Energetika-net.com ,7.listopada 2025.<\/em><br \/>\n<a href=\"https:\/\/www.energetika-net.com\/izdvajamo\/dolazi-novi-energetski-poredak\" target=\"_blank\" rel=\"noopener\">https:\/\/www.energetika-net.com\/izdvajamo\/dolazi-novi-energetski-poredak<\/a><\/p>\n<p><strong>Energetski forum INTERENEF seli u Zagreb i otvara raspravu o novom<\/strong><br \/>\n<strong>poretku<\/strong><br \/>\n<em>Crolens,7.listopada,2025.<\/em><br \/>\n<a href=\"https:\/\/www.crolens.hr\/c\/energetski-forum-interenef-seli-u-zagreb-i-otvara-raspravu-o-novom-poretku\" target=\"_blank\" rel=\"noopener\">https:\/\/www.crolens.hr\/c\/energetski-forum-interenef-seli-u-zagreb-i-otvara-raspravu-o-novom-poretku<\/a><\/p>\n<p><strong>Milardovi\u0107 u Zagreb dovodi va\u017ean forum: O aktualnoj temi govorit \u0107e<\/strong><br \/>\n<strong>brojne poznate osobe<\/strong><br \/>\n<em>Direktno ,7.listopada 2025.<\/em><br \/>\n<a href=\"https:\/\/direktno.hr\/direkt\/milardovic-u-zagreb-dovodi-vazan-forum-o-aktualnoj-temi-govorit-ce-brojne-poznate-osobe-381319\/\" target=\"_blank\" rel=\"noopener\">https:\/\/direktno.hr\/direkt\/milardovic-u-zagreb-dovodi-vazan-forum-o-aktualnoj-temi-govorit-ce-brojne-poznate-osobe-381319\/<\/a><\/p>\n<p><strong>Deveto izdanje INTERNEF-a 14. listopada u Zagrebu<\/strong><br \/>\n<em>T-portal,3.listopada 2025.<\/em><\/p>\n<p><a href=\"https:\/\/www.tportal.hr\/biznis\/clanak\/deveto-izdanje-internef-a-14-listopada-u-zagrebu-20251003\" target=\"_blank\" rel=\"noopener\">https:\/\/www.tportal.hr\/biznis\/clanak\/deveto-izdanje-internef-a-14-listopada-u-zagrebu-20251003<\/a><\/p>","protected":false},"excerpt":{"rendered":"<p>Milardovi\u0107: Hrvatska mora birati \u2013 pametna ili partijska dr\u017eava HTV4 ,16.listopada 2025. https:\/\/vijesti.hrt.hr\/hrvatska\/milardovic-hrvatska-mora-birati-pametna-drzava-ili-partijska-drzava-12382628 9.Interenef HINA,14.listopada,2025. https:\/\/www.hina.hr\/video\/12078323 Interenef: Hrvatska mora iskoristi sav energetski potencijal Forbes.hr ,14.listopada2025. https:\/\/forbes.dnevnik.hr\/aktualno\/interenef-hrvatska-mora-iskoristi-sav-energetski-potencijal\/ Ahmet T\u00fcrko\u011flu \u0160ef Turkish Petroleuma za N1: Turska mo\u017ee pomo\u0107i Hrvatskoj u opskrbi naftom i plinom drugih zemalja N1 televizija,14.listopada 2025. https:\/\/n1info.hr\/vijesti\/sef-turkish-petroleuma-za-n1-turska-moze-pomoci-hrvatskoj-u-kupnji-i-transportu-nafte-i-plina-drugim-zemljama\/ Interenef: Hrvatska mora iskoristi sav energetski potencijal [&hellip;]<\/p>\n","protected":false},"author":1,"featured_media":0,"parent":0,"menu_order":0,"comment_status":"closed","ping_status":"closed","template":"","meta":{"inline_featured_image":false,"site-sidebar-layout":"default","site-content-layout":"default","ast-site-content-layout":"default","site-content-style":"default","site-sidebar-style":"default","ast-global-header-display":"","ast-banner-title-visibility":"","ast-main-header-display":"","ast-hfb-above-header-display":"","ast-hfb-below-header-display":"","ast-hfb-mobile-header-display":"","site-post-title":"","ast-breadcrumbs-content":"","ast-featured-img":"","footer-sml-layout":"","ast-disable-related-posts":"","theme-transparent-header-meta":"default","adv-header-id-meta":"","stick-header-meta":"","header-above-stick-meta":"","header-main-stick-meta":"","header-below-stick-meta":"","astra-migrate-meta-layouts":"set","ast-page-background-enabled":"default","ast-page-background-meta":{"desktop":{"background-color":"","background-image":"","background-repeat":"repeat","background-position":"center center","background-size":"auto","background-attachment":"scroll","background-type":"","background-media":"","overlay-type":"","overlay-color":"","overlay-opacity":"","overlay-gradient":""},"tablet":{"background-color":"","background-image":"","background-repeat":"repeat","background-position":"center center","background-size":"auto","background-attachment":"scroll","background-type":"","background-media":"","overlay-type":"","overlay-color":"","overlay-opacity":"","overlay-gradient":""},"mobile":{"background-color":"","background-image":"","background-repeat":"repeat","background-position":"center center","background-size":"auto","background-attachment":"scroll","background-type":"","background-media":"","overlay-type":"","overlay-color":"","overlay-opacity":"","overlay-gradient":""}},"ast-content-background-meta":{"desktop":{"background-color":"var(--ast-global-color-5)","background-image":"","background-repeat":"repeat","background-position":"center center","background-size":"auto","background-attachment":"scroll","background-type":"","background-media":"","overlay-type":"","overlay-color":"","overlay-opacity":"","overlay-gradient":""},"tablet":{"background-color":"var(--ast-global-color-5)","background-image":"","background-repeat":"repeat","background-position":"center center","background-size":"auto","background-attachment":"scroll","background-type":"","background-media":"","overlay-type":"","overlay-color":"","overlay-opacity":"","overlay-gradient":""},"mobile":{"background-color":"var(--ast-global-color-5)","background-image":"","background-repeat":"repeat","background-position":"center center","background-size":"auto","background-attachment":"scroll","background-type":"","background-media":"","overlay-type":"","overlay-color":"","overlay-opacity":"","overlay-gradient":""}},"footnotes":""},"class_list":["post-2535","page","type-page","status-publish","hentry"],"_links":{"self":[{"href":"https:\/\/interenef.com\/en\/wp-json\/wp\/v2\/pages\/2535","targetHints":{"allow":["GET"]}}],"collection":[{"href":"https:\/\/interenef.com\/en\/wp-json\/wp\/v2\/pages"}],"about":[{"href":"https:\/\/interenef.com\/en\/wp-json\/wp\/v2\/types\/page"}],"author":[{"embeddable":true,"href":"https:\/\/interenef.com\/en\/wp-json\/wp\/v2\/users\/1"}],"replies":[{"embeddable":true,"href":"https:\/\/interenef.com\/en\/wp-json\/wp\/v2\/comments?post=2535"}],"version-history":[{"count":13,"href":"https:\/\/interenef.com\/en\/wp-json\/wp\/v2\/pages\/2535\/revisions"}],"predecessor-version":[{"id":4221,"href":"https:\/\/interenef.com\/en\/wp-json\/wp\/v2\/pages\/2535\/revisions\/4221"}],"wp:attachment":[{"href":"https:\/\/interenef.com\/en\/wp-json\/wp\/v2\/media?parent=2535"}],"curies":[{"name":"wp","href":"https:\/\/api.w.org\/{rel}","templated":true}]}}